{"id":11,"date":"2025-07-04T08:12:12","date_gmt":"2025-07-04T08:12:12","guid":{"rendered":"https:\/\/zrgaodm.cluster021.hosting.ovh.net\/?page_id=11"},"modified":"2025-08-13T15:27:41","modified_gmt":"2025-08-13T13:27:41","slug":"abattage-elagage","status":"publish","type":"page","link":"https:\/\/www.arbresetfeuilles.be\/index.php\/abattage-elagage\/","title":{"rendered":"Abattage\/Elagage"},"content":{"rendered":"\n<p>Abattage &amp; \u00e9lagage \u00e0 P\u00e9ruwelz<\/p>\n\n\n\n<p>Vous avez un&nbsp;<strong>arbre \u00e0 faire abattre<\/strong>&nbsp;car il menace votre habitation&nbsp;? Vous \u00eates propri\u00e9taire d\u2019une&nbsp;<strong>parcelle foresti\u00e8re<\/strong>&nbsp;et vous souhaitez de l\u2019aide pour son entretien&nbsp;?<\/p>\n\n\n\n<p><em>D\u00e9couvrez les services&nbsp;<strong>d\u2019Arbres et Feuilles&nbsp;\u00e0 P\u00e9ruwelz<\/strong>.<\/em><\/p>\n\n\n\n<p><strong>Arbres et Feuilles<\/strong>, les&nbsp;<strong>experts de l\u2019abattage et de l\u2019\u00e9lagage<\/strong>&nbsp;chez les particuliers et les professionnels, \u00e0 P\u00e9ruwelz, r\u00e9alisent tous vos travaux&nbsp;! Nous vous proposons notre expertise pour diff\u00e9rents&nbsp;<strong>types d\u2019abattage et d\u2019\u00e9lagage<\/strong>&nbsp;de&nbsp;<strong>vos arbres et&nbsp;<a href=\"https:\/\/arbres-et-feuilles.be\/parcs-et-jardins\/\">haies<\/a>.<\/strong>&nbsp;D\u00e9couvrez-les d\u00e8s \u00e0 pr\u00e9sent avant de proc\u00e9der \u00e0 une demande de devis gratuit.<\/p>\n\n\n\n\n\n\n\n\n\n\n","protected":false},"excerpt":{"rendered":"<p>Abattage &amp; \u00e9lagage \u00e0 P\u00e9ruwelz Vous avez un&nbsp;arbre \u00e0 faire abattre&nbsp;car il menace votre habitation&nbsp;? Vous \u00eates propri\u00e9taire d\u2019une&nbsp;parcelle foresti\u00e8re&nbsp;et vous souhaitez de l\u2019aide pour son entretien&nbsp;? D\u00e9couvrez les services&nbsp;d\u2019Arbres et Feuilles&nbsp;\u00e0 P\u00e9ruwelz. Arbres et Feuilles, les&nbsp;experts de l\u2019abattage et de l\u2019\u00e9lagage&nbsp;chez les particuliers et les professionnels, \u00e0 P\u00e9ruwelz, r\u00e9alisent tous vos travaux&nbsp;! Nous vous [&hellip;]<\/p>\n","protected":false},"author":1,"featured_media":0,"parent":0,"menu_order":0,"comment_status":"closed","ping_status":"closed","template":"","meta":{"saved_in_kubio":true,"_themeisle_gutenberg_block_has_review":false,"footnotes":""},"class_list":["post-11","page","type-page","status-publish","hentry"],"kubio_ai_page_context":{"short_desc":"","purpose":"general"},"_links":{"self":[{"href":"https:\/\/www.arbresetfeuilles.be\/index.php\/wp-json\/wp\/v2\/pages\/11","targetHints":{"allow":["GET"]}}],"collection":[{"href":"https:\/\/www.arbresetfeuilles.be\/index.php\/wp-json\/wp\/v2\/pages"}],"about":[{"href":"https:\/\/www.arbresetfeuilles.be\/index.php\/wp-json\/wp\/v2\/types\/page"}],"author":[{"embeddable":true,"href":"https:\/\/www.arbresetfeuilles.be\/index.php\/wp-json\/wp\/v2\/users\/1"}],"replies":[{"embeddable":true,"href":"https:\/\/www.arbresetfeuilles.be\/index.php\/wp-json\/wp\/v2\/comments?post=11"}],"version-history":[{"count":6,"href":"https:\/\/www.arbresetfeuilles.be\/index.php\/wp-json\/wp\/v2\/pages\/11\/revisions"}],"predecessor-version":[{"id":164,"href":"https:\/\/www.arbresetfeuilles.be\/index.php\/wp-json\/wp\/v2\/pages\/11\/revisions\/164"}],"wp:attachment":[{"href":"https:\/\/www.arbresetfeuilles.be\/index.php\/wp-json\/wp\/v2\/media?parent=11"}],"curies":[{"name":"wp","href":"https:\/\/api.w.org\/{rel}","templated":true}]}}