{"id":13,"date":"2025-07-04T08:15:34","date_gmt":"2025-07-04T08:15:34","guid":{"rendered":"https:\/\/zrgaodm.cluster021.hosting.ovh.net\/?page_id=13"},"modified":"2025-08-19T14:56:33","modified_gmt":"2025-08-19T12:56:33","slug":"parcs-jardins","status":"publish","type":"page","link":"https:\/\/www.arbresetfeuilles.be\/index.php\/parcs-jardins\/","title":{"rendered":"Entretien de Parcs &amp; Jardins"},"content":{"rendered":"\n<p>Entretien de parcs &amp; jardins<\/p>\n\n\n\n<p>Vous d\u00e9sirez faire appel \u00e0 un&nbsp;<strong>jardinier professionnel<\/strong>&nbsp;pour la&nbsp;<strong>tonte des pelouses de votre parc<\/strong>&nbsp;non loin de&nbsp;Mons et Tournai&nbsp;?<\/p>\n\n\n\n<p><em>Chez&nbsp;<strong>Arbres et Feuilles<\/strong>, nous sommes les experts que vous recherchez&nbsp;!<\/em><\/p>\n\n\n\n<p><strong>L\u2019entretien d\u2019un parc et\/ou d\u2019un jardin<\/strong>&nbsp;demande beaucoup de temps, un certain savoir-faire et surtout des&nbsp;<strong>machines adapt\u00e9es<\/strong>. Si vous n\u2019avez pas le temps de&nbsp;<strong>tondre votre pelouse, de tailler vos haies<\/strong>&nbsp;ou encore si vous avez envie de&nbsp;<strong>cr\u00e9er un bassin<\/strong>&nbsp;ou une&nbsp;<strong>terrasse ext\u00e9rieure<\/strong>, faites appel \u00e0 nos services. Nous nous d\u00e9pla\u00e7ons chez les professionnels et les particuliers situ\u00e9s dans les environs de Mons,&nbsp;Tournai et P\u00e9ruwelz.<\/p>\n\n\n\n\n\n\n\n\n","protected":false},"excerpt":{"rendered":"<p>Entretien de parcs &amp; jardins Vous d\u00e9sirez faire appel \u00e0 un&nbsp;jardinier professionnel&nbsp;pour la&nbsp;tonte des pelouses de votre parc&nbsp;non loin de&nbsp;Mons et Tournai&nbsp;? Chez&nbsp;Arbres et Feuilles, nous sommes les experts que vous recherchez&nbsp;! L\u2019entretien d\u2019un parc et\/ou d\u2019un jardin&nbsp;demande beaucoup de temps, un certain savoir-faire et surtout des&nbsp;machines adapt\u00e9es. Si vous n\u2019avez pas le temps de&nbsp;tondre [&hellip;]<\/p>\n","protected":false},"author":1,"featured_media":0,"parent":0,"menu_order":0,"comment_status":"closed","ping_status":"closed","template":"","meta":{"saved_in_kubio":true,"_themeisle_gutenberg_block_has_review":false,"footnotes":""},"class_list":["post-13","page","type-page","status-publish","hentry"],"kubio_ai_page_context":{"short_desc":"","purpose":"general"},"_links":{"self":[{"href":"https:\/\/www.arbresetfeuilles.be\/index.php\/wp-json\/wp\/v2\/pages\/13","targetHints":{"allow":["GET"]}}],"collection":[{"href":"https:\/\/www.arbresetfeuilles.be\/index.php\/wp-json\/wp\/v2\/pages"}],"about":[{"href":"https:\/\/www.arbresetfeuilles.be\/index.php\/wp-json\/wp\/v2\/types\/page"}],"author":[{"embeddable":true,"href":"https:\/\/www.arbresetfeuilles.be\/index.php\/wp-json\/wp\/v2\/users\/1"}],"replies":[{"embeddable":true,"href":"https:\/\/www.arbresetfeuilles.be\/index.php\/wp-json\/wp\/v2\/comments?post=13"}],"version-history":[{"count":6,"href":"https:\/\/www.arbresetfeuilles.be\/index.php\/wp-json\/wp\/v2\/pages\/13\/revisions"}],"predecessor-version":[{"id":166,"href":"https:\/\/www.arbresetfeuilles.be\/index.php\/wp-json\/wp\/v2\/pages\/13\/revisions\/166"}],"wp:attachment":[{"href":"https:\/\/www.arbresetfeuilles.be\/index.php\/wp-json\/wp\/v2\/media?parent=13"}],"curies":[{"name":"wp","href":"https:\/\/api.w.org\/{rel}","templated":true}]}}